{"id":2837,"date":"2025-10-06T14:55:13","date_gmt":"2025-10-06T14:55:13","guid":{"rendered":"https:\/\/domainederasigous.fr\/?page_id=2837"},"modified":"2025-11-05T07:57:59","modified_gmt":"2025-11-05T07:57:59","slug":"voorwaarden","status":"publish","type":"page","link":"https:\/\/domainederasigous.fr\/index.php\/voorwaarden\/","title":{"rendered":"Voorwaarden"},"content":{"rendered":"\n<div class=\"wp-block-uagb-container uagb-block-1850952a alignfull uagb-is-root-container\"><div class=\"uagb-container-inner-blocks-wrap\"><\/div><\/div>\n\n\n\n<div class=\"wp-block-uagb-info-box uagb-block-f06ba9dc uagb-infobox__content-wrap  uagb-infobox-icon-above-title uagb-infobox-image-valign-top\"><div class=\"uagb-ifb-content\"><div class=\"uagb-ifb-title-wrap\"><h3 class=\"uagb-ifb-title\">Algemene voorwaarden &amp; huishoudelijk reglement<\/h3><\/div><p class=\"uagb-ifb-desc\">Chambre d\u2019h\u00f4tes en g\u00eete \u201cDomaine de Rasigous\u201dJuni 2021 \u2014 laatste revisie d.d. 23 juni 2021<\/p><\/div><\/div>\n\n\n\n<div class=\"wp-block-uagb-container uagb-layout-grid uagb-block-e9ae56bd alignfull uagb-is-root-container\"><div class=\"uagb-container-inner-blocks-wrap\">\n<div class=\"wp-block-columns is-layout-flex wp-container-core-columns-is-layout-28f84493 wp-block-columns-is-layout-flex\">\n<div class=\"wp-block-column is-layout-flow wp-block-column-is-layout-flow\" style=\"flex-basis:100%\">\n<div class=\"wp-block-uagb-info-box uagb-block-48a5ab86 uagb-infobox__content-wrap  uagb-infobox-icon-above-title uagb-infobox-image-valign-top\"><div class=\"uagb-ifb-content\"><div class=\"uagb-ifb-title-wrap\"><\/div><p class=\"uagb-ifb-desc\">Wij heten je van harte welkom in \u2018Domaine de Rasigous\u2019 en verzoeken je kennis te nemen van onze \u2018Algemene voorwaarden &amp; huishoudelijk reglement\u2019.<br><strong><br>1. Algemeen<\/strong><br>Deze voorwaarden zijn van toepassing voor alle gasten van \u2018Domaine de Rasigous\u2019, 2217 Route de Revel, 81290 Saint-Affriques-les-Montagnes, Frankrijk.<br>Eigenaars van \u2018Domaine de Rasigous\u2019 zijn Joost Van der Straeten en Tine Geerinck.&nbsp;De eigenaars kunnen zich laten vervangen.<br>Na verzending van de reserveringsbevestiging worden de \u2018Algemene voorwaarden en huishoudelijk reglement\u2019 van kracht (zie punt 4).<br>Gasten van \u2018Domaine de Rasigous\u2019 dienen zich te houden aan het \u2018Algemene voorwaarden en huishoudelijk reglement\u2019 dat te raadplegen is op onze website en ter inzage in de accommodatie.<br>Bij overtreding van de \u2018Algemene voorwaarden of het huishoudelijk reglement\u2019 of bij ongepast gedrag, kunnen de eigenaars gasten met onmiddellijke ingang de toegang tot \u2018Domaine de Rasigous\u2019 ontzeggen en weigeren. Dit zonder verdere mededeling en zonder teruggave van verblijfskosten.<br><strong><br>2. Chambre d\u2019h\u00f4tes en g\u00eete \u2018Domaine de Rasigous\u2019<\/strong><br>De accommodatie is beschreven op de website&nbsp;<a class=\"\" href=\"http:\/\/domainederasigous.fr\/\">domainederasigous.fr<\/a><br>Deze website is met de grootste zorg samengesteld, maar er kunnen verschillen zijn tussen de op de website gepresenteerde tekst, foto\u2019s en de actuele situatie van \u2018Domaine de Rasigous\u2019 tijdens je verblijf.<br>Er kan door de gasten geen rechten worden ontleend aan dergelijke verschillen.<br><strong>Huisdieren zijn jammer genoeg&nbsp;niet toegestaan.<\/strong><br>De accommodatie is zo veel mogelijk toegankelijk gemaakt voor mensen met een lichamelijke beperking. Neem contact met ons op als je vragen hebt over de aanwezige faciliteiten. Wij doen ons best doen om je verblijf zo comfortabel mogelijk te maken.<br><strong><br>3. Tarieven<\/strong><br>De actuele tarieven zijn terug te vinden op onze website&nbsp;<a href=\"http:\/\/domainederasigous.fr\/\">domainederasigous.fr<\/a><br>De tarieven van \u2018Domaine de Rasigous\u2019 zijn vrijblijvend en onder voorbehoud van tussentijdse prijswijzigingen en kennelijke fouten.<br>B&amp;B: tarieven zijn inclusief ontbijt, gas, water, elektriciteit en verwarming.<br>Toeristenbelasting wordt in rekening gebracht.<br>Hoogseizoen start op 1 mei en eindigt 31 oktober,&nbsp;met een minimum verblijf van 3 nachten.<br>Buiten hoogseizoen, feestdagen en weekenden geldt een minimaal verblijf van 2 nachten.<br>Op de bevestiging van je reservering staat het daarbij behorende definitieve tarief dat geldig was op de datum van bevestiging.<br>Wij raden aan om een annulatie- en\/of reisverzekering af te sluiten om alle discussies te vermijden.<br><strong><br>4. Reservering en bevestiging<\/strong><br>De reservering kan enkel schriftelijk aangegaan worden of via de website. Er worden geen reserveringskosten in rekening gebracht.<br>Na ontvangst van je reserveringsverzoek stuurt \u2018Domaine de Rasigous\u2019 een definitieve bevestiging per e-mail. Op dat moment worden de \u2018Algemene voorwaarden en huishoudelijk reglement\u2019 van kracht.<br>Na betaling van het voorschot is je reservering definitief voor beide partijen.<br><strong><br>5. Betaling<\/strong><br>Nadat de reservering is bevestigd door \u2018Domaine de Rasigous\u2019, dient het volledige bedrag van de verblijfskosten betaald te worden op onze rekening.<br>Drankjes, picknickmanden, table d\u2019h\u00f4tes en andere kosten dien je voor vertrek contant af te rekenen. De kosten vind je op een lijst in de eetkamer of op je kamer van \u2018Domaine de Rasigous\u2019.<br>Indien je bij ons langskomt en op de dag zelf blijft overnachten, ontvangt je uw rekening ter plaatse en kan je de betaling contant voldoen.<br>Zakelijke gasten ontvangen altijd een factuur. Ook particuliere gasten kunnen hier om vragen.<br>Omwille van technische redenen accepteert \u2018Domaine de Rasigous\u2019 ter plaatse geen creditcard, cheques, bancontact en dergelijke.<br><strong><br>6. Annulering \/ No-Show<\/strong><br>Indien je door omstandigheden niet in staat bent om gebruik te maken van de gereserveerde kamer(s), dien je dit zo spoedig mogelijk te melden zodat wij de vrijgekomen kamers zo snel mogelijk aan anderen kunnen aanbieden. Wij betalen geen reservaties terug. U kunt wel de gereserveerde periode omboeken naar een andere periode, binnen het jaar vanaf dat uw aankomst gepland was.&nbsp;Indien u omboekt naar een duurdere periode en of verblijf zal het verschil in rekening gebracht worden.<br><strong><br>7. Aankomst en vertrek<\/strong><br>Op de dag van aankomst ben je tussen 16u tot 18u van harte welkom op ons domein.<br>Gelieve ons telefonisch te verwittigen indien je later aankomst.<br>Ter legitimatie zullen we je vragen om je paspoort of identiteitsbewijs te tonen.<br>Je ontvangt een sleutel die je ons voor vertrek terug bezorgd.<br>Op de dag van vertrek nemen we graag voor 10u afscheid.<br>Alleen in overleg kan van bovengenoemde tijden afgeweken worden.<br>Bij voortijdig vertrek vindt geen teruggave plaats.<br><strong><br>8. Ontbijt Chambre d\u2019h\u00f4tes<\/strong><br>Het ontbijt is inbegrepen in de verblijfskosten. Wanneer je geen gebruik maakt van het ontbijt kunnen wij geen korting in mindering brengen.<br>Het ontbijt zetten we voor je klaar in de eetkamer tussen 8u. en 9u30. Indien het weer het toelaat wordt het ontbijt op het terras geserveerd. Als je vroeger wilt ontbijten kan dat alleen in overleg.<br><strong><br>9. Het verblijf<\/strong><br>Geluidsoverlast tussen 22u. en 8u. moet vermeden worden. Dit geldt niet alleen in de accommodatie zelf, maar ook op het terras. We vragen vriendelijk rekening te houden met onze andere gasten.<br>Radio, TV&nbsp;en andere geluidsbronnen mogen andere gasten niet storen.<br><strong>Het is niet toegestaan kind(eren) alleen te laten aan het zwembad.<\/strong><br>Het zwembad is open van 9u. tot 18u.<br>Aan het zwembad moeten kind(eren) altijd onder toezicht staan van hun ouder.<br>Laat alstublieft uw kind(eren) geen seconde alleen achter op het domein, iets verderop ligt een vijver.<br>Het is niet toegestaan om glas of eten mee te nemen naar het zwembad.<br>Op de kamers hebben wij een koffie- en theehoek ge\u00efnstalleerd. Wij verzoeken je om hiervan gebruik te maken en niet zelf uw drank mee te brengen. Wij stellen ook (tegen betaling) een gevulde honesty bar ter beschikking.<br>Er is gratis wifi aanwezig in de kamers en de g\u00eete. Vraag ons het paswoord. Het gebruik van het internet en eigen apparatuur tijdens de huurperiode is volledig op de verantwoordelijkheid van de gasten. Illegaal downloaden is verboden, evenals verwerpelijke, immorele activiteiten via het net.<br>Mogelijke bezoekers van gasten mogen niet zonder toestemming op \u2018Domaine de Rasigous\u2019, tenzij in overleg.<br>Gebruik van de sauna is op reservatie, toeslag&nbsp;en op&nbsp;eigen risico. De sauna is niet toegestaan voor kinderen onder de 12 jaar.<br>Gasten dienen zich te houden aan de gebruiksaanwijzing.<br><strong><br>10. Restaurant<\/strong><br>Het hele jaar door serveren we verschillende dagen op aanvraag onze table d\u2019h\u00f4tes. Gelieve dit minstens 24u. op voorhand te reserveren.<br>Wij schenken g\u00e9\u00e9n alcohol aan&nbsp;personen onder de 18 jaar.<br><strong><br>11. Veiligheid en milieu<br><\/strong>Gasten volgen alle veiligheids- en milieunormen van \u2018Domaine de Rasigous\u2019.<br>Parkeren is gratis op de voorziene plaats.<br>Roken is binnen de volledige accommodatie niet toegestaan.&nbsp;Je kan buiten roken op de aangeduide plaats. Gooi alstublieft geen peuken op de grond. Ingeval dat roken in de kamer wordt geconstateerd worden reinigingskosten van \u20ac150 in rekening gebracht. Indien het brandalarm afgaat door roken op de kamer, zullen voorrijkosten van de brandweer in rekening worden gebracht.<br>We vragen je vriendelijk om tijdens je verblijf respectvol met het meubilair om te gaan.<br>Meld ons verdachte personen of activiteiten onmiddellijk.<br>Omwille van brandgevaar is open vuur en het branden van kaarsen zijn niet toegestaan.<br>De gehele accommodatie is geschikt voor overnachten van maximaal 12 personen.<br>De accommodatie is 24 uur per dag toegankelijk tijdens je verblijf.<br><strong><br>12. Aansprakelijkheid<\/strong><br>We kunnen niet aansprakelijk gesteld worden voor persoonlijk letsel voortvloeiend uit het verblijf in onze accommodatie en kunnen ook niet aansprakelijk gesteld worden voor schade, verlies of diefstal van eigendommen van onze gasten. Bij geschillen zijn alle (juridische) kosten voor rekening van de gasten.<br>Alle risico\u2019s met betrekking tot een verblijf in \u2018Domaine de Rasigous\u2019 zijn voor rekening van de gasten.<br>Bij breuk of diefstal, gelieve ons onmiddellijk op de hoogte te stellen.<br>Bij verlies van sleutels van \u2018Domaine de Rasigous\u2019 wordt deze kost in rekening gebracht.<br>\u2018Domaine de Rasigous\u2019 is niet aansprakelijk voor storingen in en om de accommodatie zoals uitval van stroom, watervoorzieningen, technische installaties, niet of ontijdig aangekondigde bouw- en wegwerkzaamheden in de nabijheid van het domein.<br><strong><br>13. Klachten, meningsverschillen<\/strong><br>Klachten lossen we samen op, kom er tijdig mee bij ons. Enkel op deze manier kunnen we dit naar alle maatstaven van redelijkheid oplossen.<br><strong><br>14. Overmacht<\/strong><br>In geval van overmacht, zowel van blijvende als tijdelijke aard, zijn de eigenaars gerechtigd de overeenkomst geheel of gedeeltelijk te ontbinden of tijdelijk op te schorten zonder dat de gast(en) aanspraak op nakoming en\/of schadevergoeding kan doen gelden.<br>Onder overmacht wordt onder meer, doch niet uitsluitend, verstaan: oorlogsgevaar, oorlog, opstand, molest, stakingen, boycot, storingen in het energiecircuit, in het verkeer of transport, maatregelen van overheidswege, schaarste aan grondstoffen, natuurrampen en voorts alle omstandigheden, buitengewone weersomstandigheden, overlijden van een van eigenaren of naaste familieleden e.d. waaronder gehele of gedeeltelijke nakoming van de overeenkomst naar redelijkheid en billijkheid niet van de eigenaars kan worden gevergd.<br><strong><br>15. Privacy<br><\/strong>De verstrekte of bekend geworden persoonsgegevens zullen door de eigenaars vertrouwelijk behandeld worden en niet aan derden ter beschikking worden gesteld.<br><strong><br>16. Slotbepaling<\/strong><br>Heb je vragen over de \u2018Algemene voorwaarden en het huishoudelijk reglement\u2019, neem dan contact met ons op. Suggesties zijn welkom.<br><br>Wij wensen je een aangenaam en ontspannen verblijf toe in Domaine de Rasigous!<\/p><\/div><\/div>\n<\/div>\n<\/div>\n<\/div><\/div>\n","protected":false},"excerpt":{"rendered":"","protected":false},"author":1,"featured_media":0,"parent":0,"menu_order":0,"comment_status":"closed","ping_status":"closed","template":"","meta":{"_uag_custom_page_level_css":"","site-sidebar-layout":"no-sidebar","site-content-layout":"page-builder","ast-site-content-layout":"full-width-container","site-content-style":"unboxed","site-sidebar-style":"unboxed","ast-global-header-display":"","ast-banner-title-visibility":"","ast-main-header-display":"","ast-hfb-above-header-display":"","ast-hfb-below-header-display":"","ast-hfb-mobile-header-display":"","site-post-title":"disabled","ast-breadcrumbs-content":"","ast-featured-img":"disabled","footer-sml-layout":"","ast-disable-related-posts":"","theme-transparent-header-meta":"enabled","adv-header-id-meta":"","stick-header-meta":"","header-above-stick-meta":"","header-main-stick-meta":"","header-below-stick-meta":"","astra-migrate-meta-layouts":"set","ast-page-background-enabled":"default","ast-page-background-meta":{"desktop":{"background-color":"var(--ast-global-color-4)","background-image":"","background-repeat":"repeat","background-position":"center center","background-size":"auto","background-attachment":"scroll","background-type":"","background-media":"","overlay-type":"","overlay-color":"","overlay-opacity":"","overlay-gradient":""},"tablet":{"background-color":"","background-image":"","background-repeat":"repeat","background-position":"center center","background-size":"auto","background-attachment":"scroll","background-type":"","background-media":"","overlay-type":"","overlay-color":"","overlay-opacity":"","overlay-gradient":""},"mobile":{"background-color":"","background-image":"","background-repeat":"repeat","background-position":"center center","background-size":"auto","background-attachment":"scroll","background-type":"","background-media":"","overlay-type":"","overlay-color":"","overlay-opacity":"","overlay-gradient":""}},"ast-content-background-meta":{"desktop":{"background-color":"var(--ast-global-color-5)","background-image":"","background-repeat":"repeat","background-position":"center center","background-size":"auto","background-attachment":"scroll","background-type":"","background-media":"","overlay-type":"","overlay-color":"","overlay-opacity":"","overlay-gradient":""},"tablet":{"background-color":"var(--ast-global-color-5)","background-image":"","background-repeat":"repeat","background-position":"center center","background-size":"auto","background-attachment":"scroll","background-type":"","background-media":"","overlay-type":"","overlay-color":"","overlay-opacity":"","overlay-gradient":""},"mobile":{"background-color":"var(--ast-global-color-5)","background-image":"","background-repeat":"repeat","background-position":"center center","background-size":"auto","background-attachment":"scroll","background-type":"","background-media":"","overlay-type":"","overlay-color":"","overlay-opacity":"","overlay-gradient":""}},"footnotes":""},"class_list":["post-2837","page","type-page","status-publish","hentry"],"uagb_featured_image_src":{"full":false,"thumbnail":false,"medium":false,"medium_large":false,"large":false,"1536x1536":false,"2048x2048":false},"uagb_author_info":{"display_name":"Ghysie","author_link":"https:\/\/domainederasigous.fr\/author\/ghysie\/"},"uagb_comment_info":0,"uagb_excerpt":null,"_links":{"self":[{"href":"https:\/\/domainederasigous.fr\/index.php\/wp-json\/wp\/v2\/pages\/2837","targetHints":{"allow":["GET"]}}],"collection":[{"href":"https:\/\/domainederasigous.fr\/index.php\/wp-json\/wp\/v2\/pages"}],"about":[{"href":"https:\/\/domainederasigous.fr\/index.php\/wp-json\/wp\/v2\/types\/page"}],"author":[{"embeddable":true,"href":"https:\/\/domainederasigous.fr\/index.php\/wp-json\/wp\/v2\/users\/1"}],"replies":[{"embeddable":true,"href":"https:\/\/domainederasigous.fr\/index.php\/wp-json\/wp\/v2\/comments?post=2837"}],"version-history":[{"count":0,"href":"https:\/\/domainederasigous.fr\/index.php\/wp-json\/wp\/v2\/pages\/2837\/revisions"}],"wp:attachment":[{"href":"https:\/\/domainederasigous.fr\/index.php\/wp-json\/wp\/v2\/media?parent=2837"}],"curies":[{"name":"wp","href":"https:\/\/api.w.org\/{rel}","templated":true}]}}