{"id":3439,"date":"2025-11-19T14:32:29","date_gmt":"2025-11-19T14:32:29","guid":{"rendered":"https:\/\/domainederasigous.fr\/?page_id=3439"},"modified":"2026-01-13T08:07:46","modified_gmt":"2026-01-13T08:07:46","slug":"prestations","status":"publish","type":"page","link":"https:\/\/domainederasigous.fr\/index.php\/fr\/prestations\/","title":{"rendered":"Prestations"},"content":{"rendered":"\n<div class=\"wp-block-uagb-container uagb-block-1850952a alignfull uagb-is-root-container\"><div class=\"uagb-container-inner-blocks-wrap\"><\/div><\/div>\n\n\n\n<div class=\"wp-block-uagb-container uagb-block-fa0fa481 alignfull uagb-is-root-container\"><div class=\"uagb-container-inner-blocks-wrap\">\n<div class=\"wp-block-uagb-info-box uagb-block-87b94fef uagb-infobox__content-wrap  uagb-infobox-icon-above-title uagb-infobox-image-valign-top wp-block-uagb-info-box--has-margin\"><div class=\"uagb-infobox-margin-wrapper\"><div class=\"uagb-ifb-content\"><div class=\"uagb-ifb-title-wrap\"><h1 class=\"uagb-ifb-title\">Services<\/h1><\/div><\/div><\/div><\/div>\n\n\n\n<div class=\"wp-block-uagb-container uagb-layout-grid uagb-block-e7e28b21\">\n<div class=\"wp-block-uagb-container uagb-layout-grid uagb-block-f3ad7fa7\">\n<div class=\"wp-block-uagb-info-box uagb-block-2d6b230f uagb-infobox__content-wrap  uagb-infobox-icon-above-title uagb-infobox-image-valign-top\"><div class=\"uagb-ifb-content\"><div class=\"uagb-ifb-image-content\"><img decoding=\"async\" src=\"https:\/\/domainederasigous.fr\/wp-content\/uploads\/2025\/10\/diensten-1200x650-1.jpg\" alt=\"diensten 1200x650\" width=\"\" height=\"0\" loading=\"lazy\" title=\"Prestations\"><\/div><div class=\"uagb-ifb-title-wrap\"><h4 class=\"uagb-ifb-title\">Facilit\u00e9s et services<\/h4><\/div><p class=\"uagb-ifb-desc\"><strong>Parc et terrasse ombrag\u00e9s, un havre de paix et d\u2019intimit\u00e9 sur 3 hectares comptant de nombreux arbres centenaires.<\/strong><br><br>Table d&#8217;h\u00f4tes<br>Piscine de 16 x 6 m<br>TV<br>Possibilit\u00e9 de faire du caf\u00e9 et du th\u00e9<br>Borne de recharge \u00e9lectrique<br>Climatisation (Certaines chambres)<br>Parking priv\u00e9 GRATUIT<br>Le bar de l\u2019honn\u00eatet\u00e9<br>Connexion Wifi<br>Service de serviettes<br>Coin du tourisme et de l\u2019information<br>Carte des vins<br>Terrasses<br>Enregistrement anticip\u00e9<br>D\u00e9part tardif<br>Biblioth\u00e8que<br>Salle de r\u00e9union<br>Lecteur de CD<br>S\u00e8che-cheveux<br>Mini coffre-fort<br>Jeux de soci\u00e9t\u00e9<br>P\u00e9tanque<br>Service de taxi<br><br>Les animaux domestiques ne sont pas autoris\u00e9s sur le domaine.<\/p><\/div><\/div>\n<\/div>\n\n\n\n<div class=\"wp-block-uagb-container uagb-layout-grid uagb-block-dd53bba5\">\n<div class=\"wp-block-uagb-info-box uagb-block-a378597c uagb-infobox__content-wrap  uagb-infobox-icon-above-title uagb-infobox-image-valign-top\"><div class=\"uagb-ifb-content\"><div class=\"uagb-ifb-image-content\"><img decoding=\"async\" src=\"https:\/\/domainederasigous.fr\/wp-content\/uploads\/2025\/10\/Ontbijt-1200x650-1.jpg\" alt=\"screenshot\" width=\"\" height=\"0\" loading=\"lazy\" title=\"Prestations\"><\/div><div class=\"uagb-ifb-title-wrap\"><h4 class=\"uagb-ifb-title\">Petit-d\u00e9jeuner (B&amp;B)<\/h4><\/div><p class=\"uagb-ifb-desc\">Le petit-d\u00e9jeuner est servi de 8h \u00e0 9h30. Profitez en toute tranquillit\u00e9 d\u2019une offre fra\u00eeche et vari\u00e9e pour bien commencer la journ\u00e9e.<\/p><\/div><\/div>\n\n\n\n<div class=\"wp-block-uagb-info-box uagb-block-4d80b88e uagb-infobox__content-wrap  uagb-infobox-icon-above-title uagb-infobox-image-valign-top wp-block-uagb-info-box--has-margin\"><div class=\"uagb-infobox-margin-wrapper\"><div class=\"uagb-ifb-content\"><div class=\"uagb-ifb-image-content\"><img decoding=\"async\" src=\"https:\/\/domainederasigous.fr\/wp-content\/uploads\/2025\/11\/cadeaubon-groen-1.svg\" alt=\"cadeaubon groen\" width=\"200\" height=\"200\" loading=\"lazy\" title=\"Prestations\"><\/div><div class=\"uagb-ifb-title-wrap\"><h4 class=\"uagb-ifb-title\">Coffret cadeau<\/h4><\/div><p class=\"uagb-ifb-desc\"><strong>Agr\u00e9able \u00e0 donner et \u00e0 recevoir.<br>Choisissez vous-m\u00eame le montant.<\/strong><\/p><div class=\"uagb-ifb-button-wrapper wp-block-button\"><a href=\"mailto:domainederasigous@gmail.com\" class=\"uagb-infobox-cta-link wp-block-button__link\" target=\"_self\" rel=\"noopener noreferrer\" onclick=\"return true;\"><span class=\"uagb-inline-editing\">Je commande mon coffret cadeau<\/span><\/a><\/div><\/div><\/div><\/div>\n<\/div>\n\n\n\n<div class=\"wp-block-uagb-container uagb-layout-grid uagb-block-cda985b5\">\n<div class=\"wp-block-uagb-info-box uagb-block-a51789d0 uagb-infobox__content-wrap  uagb-infobox-icon-above-title uagb-infobox-image-valign-top\"><div class=\"uagb-ifb-content\"><div class=\"uagb-ifb-image-content\"><img decoding=\"async\" src=\"https:\/\/domainederasigous.fr\/wp-content\/uploads\/2025\/10\/Sauna-1200x650-1.jpg\" alt=\"sauna 1200x650\" width=\"\" height=\"0\" loading=\"lazy\" title=\"Prestations\"><\/div><div class=\"uagb-ifb-title-wrap\"><h4 class=\"uagb-ifb-title\">Sauna<\/h4><\/div><p class=\"uagb-ifb-desc\">Les froides journ\u00e9es d\u2019automne ou d\u2019hiver, profitez d\u2019un sauna relaxant.<br>Contactez-nous pour conna\u00eetre les prix.<br><br><\/p><\/div><\/div>\n\n\n\n<div class=\"wp-block-uagb-info-box uagb-block-3eac8f50 uagb-infobox__content-wrap  uagb-infobox-icon-above-title uagb-infobox-image-valign-top wp-block-uagb-info-box--has-margin\"><div class=\"uagb-infobox-margin-wrapper\"><div class=\"uagb-ifb-content\"><div class=\"uagb-ifb-image-content\"><img decoding=\"async\" src=\"https:\/\/domainederasigous.fr\/wp-content\/uploads\/2025\/10\/Massage-1200x650-1.jpg\" alt=\"massage 1200x650\" width=\"\" height=\"0\" loading=\"lazy\" title=\"Prestations\"><\/div><div class=\"uagb-ifb-title-wrap\"><h4 class=\"uagb-ifb-title\">S\u00e9ance de massage<\/h4><\/div><p class=\"uagb-ifb-desc\">D\u00e9tendez-vous et profitez des bienfaits d\u2019un massage bien-\u00eatre.<br>Notre masseuse professionnelle est \u00e0 votre service et conna\u00eet toutes les ficelles du m\u00e9tier !<br>R\u00e9servation 24 heures \u00e0 l\u2019avance.<\/p><\/div><\/div><\/div>\n<\/div>\n<\/div>\n<\/div><\/div>\n","protected":false},"excerpt":{"rendered":"","protected":false},"author":1,"featured_media":0,"parent":0,"menu_order":0,"comment_status":"closed","ping_status":"closed","template":"","meta":{"_uag_custom_page_level_css":"","site-sidebar-layout":"no-sidebar","site-content-layout":"page-builder","ast-site-content-layout":"full-width-container","site-content-style":"unboxed","site-sidebar-style":"unboxed","ast-global-header-display":"","ast-banner-title-visibility":"","ast-main-header-display":"","ast-hfb-above-header-display":"","ast-hfb-below-header-display":"","ast-hfb-mobile-header-display":"","site-post-title":"disabled","ast-breadcrumbs-content":"","ast-featured-img":"disabled","footer-sml-layout":"","ast-disable-related-posts":"","theme-transparent-header-meta":"enabled","adv-header-id-meta":"","stick-header-meta":"","header-above-stick-meta":"","header-main-stick-meta":"","header-below-stick-meta":"","astra-migrate-meta-layouts":"set","ast-page-background-enabled":"default","ast-page-background-meta":{"desktop":{"background-color":"var(--ast-global-color-4)","background-image":"","background-repeat":"repeat","background-position":"center center","background-size":"auto","background-attachment":"scroll","background-type":"","background-media":"","overlay-type":"","overlay-color":"","overlay-opacity":"","overlay-gradient":""},"tablet":{"background-color":"","background-image":"","background-repeat":"repeat","background-position":"center center","background-size":"auto","background-attachment":"scroll","background-type":"","background-media":"","overlay-type":"","overlay-color":"","overlay-opacity":"","overlay-gradient":""},"mobile":{"background-color":"","background-image":"","background-repeat":"repeat","background-position":"center center","background-size":"auto","background-attachment":"scroll","background-type":"","background-media":"","overlay-type":"","overlay-color":"","overlay-opacity":"","overlay-gradient":""}},"ast-content-background-meta":{"desktop":{"background-color":"var(--ast-global-color-5)","background-image":"","background-repeat":"repeat","background-position":"center center","background-size":"auto","background-attachment":"scroll","background-type":"","background-media":"","overlay-type":"","overlay-color":"","overlay-opacity":"","overlay-gradient":""},"tablet":{"background-color":"var(--ast-global-color-5)","background-image":"","background-repeat":"repeat","background-position":"center center","background-size":"auto","background-attachment":"scroll","background-type":"","background-media":"","overlay-type":"","overlay-color":"","overlay-opacity":"","overlay-gradient":""},"mobile":{"background-color":"var(--ast-global-color-5)","background-image":"","background-repeat":"repeat","background-position":"center center","background-size":"auto","background-attachment":"scroll","background-type":"","background-media":"","overlay-type":"","overlay-color":"","overlay-opacity":"","overlay-gradient":""}},"footnotes":""},"class_list":["post-3439","page","type-page","status-publish","hentry"],"uagb_featured_image_src":{"full":false,"thumbnail":false,"medium":false,"medium_large":false,"large":false,"1536x1536":false,"2048x2048":false},"uagb_author_info":{"display_name":"Ghysie","author_link":"https:\/\/domainederasigous.fr\/author\/ghysie\/"},"uagb_comment_info":0,"uagb_excerpt":null,"_links":{"self":[{"href":"https:\/\/domainederasigous.fr\/index.php\/wp-json\/wp\/v2\/pages\/3439","targetHints":{"allow":["GET"]}}],"collection":[{"href":"https:\/\/domainederasigous.fr\/index.php\/wp-json\/wp\/v2\/pages"}],"about":[{"href":"https:\/\/domainederasigous.fr\/index.php\/wp-json\/wp\/v2\/types\/page"}],"author":[{"embeddable":true,"href":"https:\/\/domainederasigous.fr\/index.php\/wp-json\/wp\/v2\/users\/1"}],"replies":[{"embeddable":true,"href":"https:\/\/domainederasigous.fr\/index.php\/wp-json\/wp\/v2\/comments?post=3439"}],"version-history":[{"count":0,"href":"https:\/\/domainederasigous.fr\/index.php\/wp-json\/wp\/v2\/pages\/3439\/revisions"}],"wp:attachment":[{"href":"https:\/\/domainederasigous.fr\/index.php\/wp-json\/wp\/v2\/media?parent=3439"}],"curies":[{"name":"wp","href":"https:\/\/api.w.org\/{rel}","templated":true}]}}