{"id":3467,"date":"2025-11-19T15:35:21","date_gmt":"2025-11-19T15:35:21","guid":{"rendered":"https:\/\/domainederasigous.fr\/?page_id=3467"},"modified":"2026-01-13T06:45:42","modified_gmt":"2026-01-13T06:45:42","slug":"restaurant-fr","status":"publish","type":"page","link":"https:\/\/domainederasigous.fr\/index.php\/fr\/restaurant-fr\/","title":{"rendered":"Restaurant FR"},"content":{"rendered":"\n<div class=\"wp-block-uagb-container uagb-block-1850952a alignfull uagb-is-root-container\"><div class=\"uagb-container-inner-blocks-wrap\"><\/div><\/div>\n\n\n\n<div class=\"wp-block-uagb-container uagb-layout-flex uagb-block-f0bc0818 alignfull uagb-is-root-container\"><div class=\"uagb-container-inner-blocks-wrap\">\n<div class=\"wp-block-uagb-info-box uagb-block-22436663 uagb-infobox__content-wrap  uagb-infobox-icon-above-title uagb-infobox-image-valign-top wp-block-uagb-info-box--has-margin\"><div class=\"uagb-infobox-margin-wrapper\"><div class=\"uagb-ifb-content\"><div class=\"uagb-ifb-title-wrap\"><h6 class=\"uagb-ifb-title-prefix\">D\u00eener \u00e0 notre table d&#8217; h\u00f4tes Rasigous<\/h6><h2 class=\"uagb-ifb-title\">Presque chaque soir, vous pouvez d\u00eener dans un cadre agr\u00e9able.<br>Nos tables sont g\u00e9n\u00e9reusement plac\u00e9es.<\/h2><\/div><\/div><\/div><\/div>\n<\/div><\/div>\n\n\n\n<div class=\"wp-block-uagb-container uagb-block-2ebf56f7 alignfull uagb-is-root-container\"><div class=\"uagb-container-inner-blocks-wrap\">\n<div class=\"wp-block-columns is-layout-flex wp-container-core-columns-is-layout-28f84493 wp-block-columns-is-layout-flex\">\n<div class=\"wp-block-column is-layout-flow wp-block-column-is-layout-flow\" style=\"flex-basis:100%\">\n<div class=\"wp-block-uagb-container uagb-layout-grid uagb-block-16dbdb9e\">\n<div class=\"wp-block-uagb-slider uagb-block-c0115a9a uagb-slider-container\"><div class=\"uagb-slides uagb-swiper\"><div class=\"swiper-wrapper\">\n<div class=\"wp-block-uagb-slider-child uagb-slider-child-wrap swiper-slide uagb-block-0db57305\"><div class=\"swiper-content\">\n<div class=\"wp-block-uagb-container uagb-block-91c826b8\">\n<div class=\"wp-block-uagb-image aligncenter uagb-block-fee3e0bd wp-block-uagb-image--layout-default wp-block-uagb-image--effect-static wp-block-uagb-image--align-center\"><figure class=\"wp-block-uagb-image__figure\"><img decoding=\"async\" srcset=\"https:\/\/domainederasigous.fr\/wp-content\/uploads\/2025\/10\/1646844695599-1200x1500-1-1024x819.jpg ,https:\/\/domainederasigous.fr\/wp-content\/uploads\/2025\/10\/1646844695599-1200x1500-1.jpg 780w, https:\/\/domainederasigous.fr\/wp-content\/uploads\/2025\/10\/1646844695599-1200x1500-1.jpg 360w\" sizes=\"auto, (max-width: 480px) 150px\" src=\"https:\/\/domainederasigous.fr\/wp-content\/uploads\/2025\/10\/1646844695599-1200x1500-1-1024x819.jpg\" alt=\"1646844695599 1200x1500 1 1024x819\" class=\"uag-image-3014\" width=\"1200\" height=\"600\" title=\"Restaurant FR\" loading=\"lazy\" role=\"presentation\"><\/figure><\/div>\n<\/div>\n<\/div><\/div>\n\n\n\n<div class=\"wp-block-uagb-slider-child uagb-slider-child-wrap swiper-slide uagb-block-fdd02fa9\"><div class=\"swiper-content\">\n<div class=\"wp-block-uagb-container uagb-block-956e63db\">\n<div class=\"wp-block-uagb-image aligncenter uagb-block-3ed209f4 wp-block-uagb-image--layout-default wp-block-uagb-image--effect-static wp-block-uagb-image--align-center\"><figure class=\"wp-block-uagb-image__figure\"><img decoding=\"async\" srcset=\"https:\/\/domainederasigous.fr\/wp-content\/uploads\/2025\/10\/HC1-1500x1200-1-1024x819.jpg ,https:\/\/domainederasigous.fr\/wp-content\/uploads\/2025\/10\/HC1-1500x1200-1.jpg 780w, https:\/\/domainederasigous.fr\/wp-content\/uploads\/2025\/10\/HC1-1500x1200-1.jpg 360w\" sizes=\"auto, (max-width: 480px) 150px\" src=\"https:\/\/domainederasigous.fr\/wp-content\/uploads\/2025\/10\/HC1-1500x1200-1-1024x819.jpg\" alt=\"hc1 1500x1200\" class=\"uag-image-3016\" width=\"1200\" height=\"600\" title=\"hc1 1500x1200\" loading=\"lazy\" role=\"img\"\/><\/figure><\/div>\n<\/div>\n<\/div><\/div>\n\n\n\n<div class=\"wp-block-uagb-slider-child uagb-slider-child-wrap swiper-slide uagb-block-0027ea2a\"><div class=\"swiper-content\">\n<div class=\"wp-block-uagb-container uagb-block-32651f46\">\n<div class=\"wp-block-uagb-image uagb-block-1214136f wp-block-uagb-image--layout-default wp-block-uagb-image--effect-static wp-block-uagb-image--align-none\"><figure class=\"wp-block-uagb-image__figure\"><img decoding=\"async\" srcset=\"https:\/\/domainederasigous.fr\/wp-content\/uploads\/2025\/10\/HC2-1500x1200-1-1024x819.jpg ,https:\/\/domainederasigous.fr\/wp-content\/uploads\/2025\/10\/HC2-1500x1200-1.jpg 780w, https:\/\/domainederasigous.fr\/wp-content\/uploads\/2025\/10\/HC2-1500x1200-1.jpg 360w\" sizes=\"auto, (max-width: 480px) 150px\" src=\"https:\/\/domainederasigous.fr\/wp-content\/uploads\/2025\/10\/HC2-1500x1200-1-1024x819.jpg\" alt=\"hc2 1500x1200\" class=\"uag-image-3017\" width=\"1200\" height=\"600\" title=\"hc2 1500x1200\" loading=\"lazy\" role=\"img\"\/><\/figure><\/div>\n<\/div>\n<\/div><\/div>\n\n\n\n<div class=\"wp-block-uagb-slider-child uagb-slider-child-wrap swiper-slide uagb-block-179c57cb\"><div class=\"swiper-content\">\n<div class=\"wp-block-uagb-container uagb-block-a6e8d17d\">\n<div class=\"wp-block-uagb-image uagb-block-a429615f wp-block-uagb-image--layout-default wp-block-uagb-image--effect-static wp-block-uagb-image--align-none\"><figure class=\"wp-block-uagb-image__figure\"><img decoding=\"async\" srcset=\"https:\/\/domainederasigous.fr\/wp-content\/uploads\/2025\/10\/HC5-1500x1200-1-1024x819.jpg ,https:\/\/domainederasigous.fr\/wp-content\/uploads\/2025\/10\/HC5-1500x1200-1.jpg 780w, https:\/\/domainederasigous.fr\/wp-content\/uploads\/2025\/10\/HC5-1500x1200-1.jpg 360w\" sizes=\"auto, (max-width: 480px) 150px\" src=\"https:\/\/domainederasigous.fr\/wp-content\/uploads\/2025\/10\/HC5-1500x1200-1-1024x819.jpg\" alt=\"hc5 1500x1200\" class=\"uag-image-3018\" width=\"1200\" height=\"600\" title=\"hc5 1500x1200\" loading=\"lazy\" role=\"img\"\/><\/figure><\/div>\n<\/div>\n<\/div><\/div>\n\n\n\n<div class=\"wp-block-uagb-slider-child uagb-slider-child-wrap swiper-slide uagb-block-03164235\"><div class=\"swiper-content\">\n<div class=\"wp-block-uagb-container uagb-block-7a725703\">\n<div class=\"wp-block-uagb-image uagb-block-6aeb5289 wp-block-uagb-image--layout-default wp-block-uagb-image--effect-static wp-block-uagb-image--align-none\"><figure class=\"wp-block-uagb-image__figure\"><img decoding=\"async\" srcset=\"https:\/\/domainederasigous.fr\/wp-content\/uploads\/2025\/10\/HC7-1500x1200-1-1024x819.jpg ,https:\/\/domainederasigous.fr\/wp-content\/uploads\/2025\/10\/HC7-1500x1200-1.jpg 780w, https:\/\/domainederasigous.fr\/wp-content\/uploads\/2025\/10\/HC7-1500x1200-1.jpg 360w\" sizes=\"auto, (max-width: 480px) 150px\" src=\"https:\/\/domainederasigous.fr\/wp-content\/uploads\/2025\/10\/HC7-1500x1200-1-1024x819.jpg\" alt=\"hc7 1500x1200\" class=\"uag-image-3019\" width=\"1200\" height=\"600\" title=\"hc7 1500x1200\" loading=\"lazy\" role=\"img\"\/><\/figure><\/div>\n<\/div>\n<\/div><\/div>\n\n\n\n<div class=\"wp-block-uagb-slider-child uagb-slider-child-wrap swiper-slide uagb-block-2b9fdd7b\"><div class=\"swiper-content\">\n<div class=\"wp-block-uagb-container uagb-block-953d26a1\">\n<div class=\"wp-block-uagb-image uagb-block-d1c724b4 wp-block-uagb-image--layout-default wp-block-uagb-image--effect-static wp-block-uagb-image--align-none\"><figure class=\"wp-block-uagb-image__figure\"><img decoding=\"async\" srcset=\"https:\/\/domainederasigous.fr\/wp-content\/uploads\/2025\/10\/HC8-1500x1200-1-1024x819.jpg ,https:\/\/domainederasigous.fr\/wp-content\/uploads\/2025\/10\/HC8-1500x1200-1.jpg 780w, https:\/\/domainederasigous.fr\/wp-content\/uploads\/2025\/10\/HC8-1500x1200-1.jpg 360w\" sizes=\"auto, (max-width: 480px) 150px\" src=\"https:\/\/domainederasigous.fr\/wp-content\/uploads\/2025\/10\/HC8-1500x1200-1-1024x819.jpg\" alt=\"hc8 1500x1200\" class=\"uag-image-3020\" width=\"1200\" height=\"600\" title=\"hc8 1500x1200\" loading=\"lazy\" role=\"img\"\/><\/figure><\/div>\n<\/div>\n<\/div><\/div>\n\n\n\n<div class=\"wp-block-uagb-slider-child uagb-slider-child-wrap swiper-slide uagb-block-00fc5713\"><div class=\"swiper-content\">\n<div class=\"wp-block-uagb-container uagb-block-c6f59499\">\n<div class=\"wp-block-uagb-image uagb-block-787f995c wp-block-uagb-image--layout-default wp-block-uagb-image--effect-static wp-block-uagb-image--align-none\"><figure class=\"wp-block-uagb-image__figure\"><img decoding=\"async\" srcset=\"https:\/\/domainederasigous.fr\/wp-content\/uploads\/2025\/10\/HC9-1500x1200-1-1024x819.jpg ,https:\/\/domainederasigous.fr\/wp-content\/uploads\/2025\/10\/HC9-1500x1200-1.jpg 780w, https:\/\/domainederasigous.fr\/wp-content\/uploads\/2025\/10\/HC9-1500x1200-1.jpg 360w\" sizes=\"auto, (max-width: 480px) 150px\" src=\"https:\/\/domainederasigous.fr\/wp-content\/uploads\/2025\/10\/HC9-1500x1200-1-1024x819.jpg\" alt=\"hc9 1500x1200\" class=\"uag-image-3021\" width=\"1200\" height=\"600\" title=\"hc9 1500x1200\" loading=\"lazy\" role=\"img\"\/><\/figure><\/div>\n<\/div>\n<\/div><\/div>\n\n\n\n<div class=\"wp-block-uagb-slider-child uagb-slider-child-wrap swiper-slide uagb-block-983e8050\"><div class=\"swiper-content\">\n<div class=\"wp-block-uagb-container uagb-block-71e2a6d9\">\n<div class=\"wp-block-uagb-image uagb-block-ea40a5e1 wp-block-uagb-image--layout-default wp-block-uagb-image--effect-static wp-block-uagb-image--align-none\"><figure class=\"wp-block-uagb-image__figure\"><img decoding=\"async\" srcset=\"https:\/\/domainederasigous.fr\/wp-content\/uploads\/2025\/10\/HC13-1500x1200-1-1024x819.jpg ,https:\/\/domainederasigous.fr\/wp-content\/uploads\/2025\/10\/HC13-1500x1200-1.jpg 780w, https:\/\/domainederasigous.fr\/wp-content\/uploads\/2025\/10\/HC13-1500x1200-1.jpg 360w\" sizes=\"auto, (max-width: 480px) 150px\" src=\"https:\/\/domainederasigous.fr\/wp-content\/uploads\/2025\/10\/HC13-1500x1200-1-1024x819.jpg\" alt=\"hc13 1500x1200\" class=\"uag-image-3025\" width=\"1200\" height=\"600\" title=\"hc13 1500x1200\" loading=\"lazy\" role=\"img\"\/><\/figure><\/div>\n<\/div>\n<\/div><\/div>\n<\/div><\/div><div class=\"swiper-button-prev\"><\/div><div class=\"swiper-button-next\"><\/div><\/div>\n\n\n\n<div class=\"wp-block-uagb-container uagb-block-541fa006\">\n<div class=\"wp-block-uagb-info-box uagb-block-18c052d6 uagb-infobox__content-wrap  uagb-infobox-icon-above-title uagb-infobox-image-valign-top\"><div class=\"uagb-ifb-content\"><div class=\"uagb-ifb-title-wrap\"><p class=\"uagb-ifb-title\">Profitez d&#8217;un d\u00e9licieux d\u00eener dans un environnement calme et exclusif au Domaine de Rasigous.<br>Presques chaque soir, nous servons un menu de table d&#8217;h\u00f4tes \u00e0 3 plats, fait maison et savoureux.<br>Tout est bas\u00e9 sur des produits locaux, frais et de saison.<br>Accompagnez votre d\u00eener d&#8217;un bon vin et choisissez parmi notre large carte des vins.<br>Vous pourrez d\u00eener dans le restaurant, qui est d\u00e9cor\u00e9 avec classe et charme.<br>Nos tables sont g\u00e9n\u00e9reusement espac\u00e9es pour pr\u00e9server l&#8217;intimit\u00e9.<br>Par beau temps, nous servons le d\u00eener \u00e0 l&#8217;ext\u00e9rieur sur la terrasse et vous pouvez profiter<br>du coucher de soleil et des palmiers dans le parc.<br>Notre hospitalit\u00e9 cr\u00e9e une atmosph\u00e8re d\u00e9tendue o\u00f9 vous vous sentirez comme chez vous.<br>Vivez un moment inoubliable au Domaine de Rasigous.<br><strong><br>Nous servons le d\u00eener \u00e0 19 heures.<br>N&#8217;oubliez pas de r\u00e9server votre table 48h \u00e0 l&#8217;avance.<\/strong><\/p><\/div><\/div><\/div>\n<\/div>\n<\/div>\n<\/div>\n<\/div>\n<\/div><\/div>\n\n\n\n<div class=\"wp-block-uagb-container uagb-layout-flex uagb-block-81132fde alignfull uagb-is-root-container\"><div class=\"uagb-container-inner-blocks-wrap\">\n<div class=\"wp-block-uagb-info-box uagb-block-a2d703bc uagb-infobox__content-wrap  uagb-infobox-icon-above-title uagb-infobox-image-valign-top wp-block-uagb-info-box--has-margin\"><div class=\"uagb-infobox-margin-wrapper\"><div class=\"uagb-ifb-content\"><div class=\"uagb-ifb-title-wrap\"><h2 class=\"uagb-ifb-title\">Nous sommes impatients de vous accueillir et de vous faire profiter d&#8217;un d\u00e9licieux d\u00eener.<br>Bon app\u00e9tit !<\/h2><\/div><\/div><\/div><\/div>\n<\/div><\/div>\n\n\n\n<p><\/p>\n","protected":false},"excerpt":{"rendered":"","protected":false},"author":1,"featured_media":2470,"parent":0,"menu_order":0,"comment_status":"closed","ping_status":"closed","template":"","meta":{"_uag_custom_page_level_css":"","site-sidebar-layout":"no-sidebar","site-content-layout":"page-builder","ast-site-content-layout":"full-width-container","site-content-style":"unboxed","site-sidebar-style":"unboxed","ast-global-header-display":"","ast-banner-title-visibility":"","ast-main-header-display":"","ast-hfb-above-header-display":"","ast-hfb-below-header-display":"","ast-hfb-mobile-header-display":"","site-post-title":"disabled","ast-breadcrumbs-content":"","ast-featured-img":"disabled","footer-sml-layout":"","ast-disable-related-posts":"","theme-transparent-header-meta":"enabled","adv-header-id-meta":"","stick-header-meta":"","header-above-stick-meta":"","header-main-stick-meta":"","header-below-stick-meta":"","astra-migrate-meta-layouts":"set","ast-page-background-enabled":"default","ast-page-background-meta":{"desktop":{"background-color":"var(--ast-global-color-4)","background-image":"","background-repeat":"repeat","background-position":"center center","background-size":"auto","background-attachment":"scroll","background-type":"","background-media":"","overlay-type":"","overlay-color":"","overlay-opacity":"","overlay-gradient":""},"tablet":{"background-color":"","background-image":"","background-repeat":"repeat","background-position":"center center","background-size":"auto","background-attachment":"scroll","background-type":"","background-media":"","overlay-type":"","overlay-color":"","overlay-opacity":"","overlay-gradient":""},"mobile":{"background-color":"","background-image":"","background-repeat":"repeat","background-position":"center center","background-size":"auto","background-attachment":"scroll","background-type":"","background-media":"","overlay-type":"","overlay-color":"","overlay-opacity":"","overlay-gradient":""}},"ast-content-background-meta":{"desktop":{"background-color":"var(--ast-global-color-5)","background-image":"","background-repeat":"repeat","background-position":"center center","background-size":"auto","background-attachment":"scroll","background-type":"","background-media":"","overlay-type":"","overlay-color":"","overlay-opacity":"","overlay-gradient":""},"tablet":{"background-color":"var(--ast-global-color-5)","background-image":"","background-repeat":"repeat","background-position":"center center","background-size":"auto","background-attachment":"scroll","background-type":"","background-media":"","overlay-type":"","overlay-color":"","overlay-opacity":"","overlay-gradient":""},"mobile":{"background-color":"var(--ast-global-color-5)","background-image":"","background-repeat":"repeat","background-position":"center center","background-size":"auto","background-attachment":"scroll","background-type":"","background-media":"","overlay-type":"","overlay-color":"","overlay-opacity":"","overlay-gradient":""}},"footnotes":""},"class_list":["post-3467","page","type-page","status-publish","has-post-thumbnail","hentry"],"uagb_featured_image_src":{"full":["https:\/\/domainederasigous.fr\/wp-content\/uploads\/2025\/10\/Junior_Suite-3.jpg",2137,1602,false],"thumbnail":["https:\/\/domainederasigous.fr\/wp-content\/uploads\/2025\/10\/Junior_Suite-3-150x150.jpg",150,150,true],"medium":["https:\/\/domainederasigous.fr\/wp-content\/uploads\/2025\/10\/Junior_Suite-3-300x225.jpg",300,225,true],"medium_large":["https:\/\/domainederasigous.fr\/wp-content\/uploads\/2025\/10\/Junior_Suite-3-768x576.jpg",768,576,true],"large":["https:\/\/domainederasigous.fr\/wp-content\/uploads\/2025\/10\/Junior_Suite-3-1024x768.jpg",1024,768,true],"1536x1536":["https:\/\/domainederasigous.fr\/wp-content\/uploads\/2025\/10\/Junior_Suite-3-1536x1151.jpg",1536,1151,true],"2048x2048":["https:\/\/domainederasigous.fr\/wp-content\/uploads\/2025\/10\/Junior_Suite-3-2048x1535.jpg",2048,1535,true]},"uagb_author_info":{"display_name":"Ghysie","author_link":"https:\/\/domainederasigous.fr\/author\/ghysie\/"},"uagb_comment_info":0,"uagb_excerpt":null,"_links":{"self":[{"href":"https:\/\/domainederasigous.fr\/index.php\/wp-json\/wp\/v2\/pages\/3467","targetHints":{"allow":["GET"]}}],"collection":[{"href":"https:\/\/domainederasigous.fr\/index.php\/wp-json\/wp\/v2\/pages"}],"about":[{"href":"https:\/\/domainederasigous.fr\/index.php\/wp-json\/wp\/v2\/types\/page"}],"author":[{"embeddable":true,"href":"https:\/\/domainederasigous.fr\/index.php\/wp-json\/wp\/v2\/users\/1"}],"replies":[{"embeddable":true,"href":"https:\/\/domainederasigous.fr\/index.php\/wp-json\/wp\/v2\/comments?post=3467"}],"version-history":[{"count":0,"href":"https:\/\/domainederasigous.fr\/index.php\/wp-json\/wp\/v2\/pages\/3467\/revisions"}],"wp:featuredmedia":[{"embeddable":true,"href":"https:\/\/domainederasigous.fr\/index.php\/wp-json\/wp\/v2\/media\/2470"}],"wp:attachment":[{"href":"https:\/\/domainederasigous.fr\/index.php\/wp-json\/wp\/v2\/media?parent=3467"}],"curies":[{"name":"wp","href":"https:\/\/api.w.org\/{rel}","templated":true}]}}