{"id":3489,"date":"2025-11-20T12:30:00","date_gmt":"2025-11-20T12:30:00","guid":{"rendered":"https:\/\/domainederasigous.fr\/?page_id=3489"},"modified":"2025-11-20T12:47:39","modified_gmt":"2025-11-20T12:47:39","slug":"juridisch-fr","status":"publish","type":"page","link":"https:\/\/domainederasigous.fr\/index.php\/fr\/juridisch-fr\/","title":{"rendered":"Mentions legales"},"content":{"rendered":"\n<div class=\"wp-block-uagb-container uagb-block-1850952a alignfull uagb-is-root-container\"><div class=\"uagb-container-inner-blocks-wrap\"><\/div><\/div>\n\n\n\n<div class=\"wp-block-uagb-info-box uagb-block-380a5116 uagb-infobox__content-wrap  uagb-infobox-icon-above-title uagb-infobox-image-valign-top\"><div class=\"uagb-ifb-content\"><div class=\"uagb-ifb-title-wrap\"><h3 class=\"uagb-ifb-title\">Mentions l\u00e9gales<\/h3><\/div><p class=\"uagb-ifb-desc\"><strong>Domaine de Rasigous<br><\/strong>T\u00e9l\u00e9phone :\u00a0<strong>O6 517 58 370<\/strong><br>Adresse : 22170 Route de Revel \u2013 81290 Saint-Affrique-les-Montagne<br>SIRET : 902019124<\/p><\/div><\/div>\n\n\n\n<div class=\"wp-block-uagb-container uagb-layout-grid uagb-block-e9ae56bd alignfull uagb-is-root-container\"><div class=\"uagb-container-inner-blocks-wrap\">\n<div class=\"wp-block-columns is-layout-flex wp-container-core-columns-is-layout-28f84493 wp-block-columns-is-layout-flex\">\n<div class=\"wp-block-column is-layout-flow wp-block-column-is-layout-flow\" style=\"flex-basis:100%\">\n<div class=\"wp-block-uagb-info-box uagb-block-48a5ab86 uagb-infobox__content-wrap  uagb-infobox-icon-above-title uagb-infobox-image-valign-top\"><div class=\"uagb-ifb-content\"><div class=\"uagb-ifb-title-wrap\"><\/div><p class=\"uagb-ifb-desc\">Du contenu informatif.<br>Une collecte de coordonn\u00e9es personnelles en ligne.<br><br>Loi informatique et libert\u00e9\u00a0: le site fait l\u2019objet d\u2019une d\u00e9claration aupr\u00e8s de la Commission Nationale Informatique et Libert\u00e9. Vous disposez d\u2019un droit d\u2019acc\u00e8s, de modification, de rectification et de suppression des donn\u00e9es qui vous concernent (art. 34 de la loi \u00ab\u00a0Informatique et Libert\u00e9s\u00a0\u00bb).<br><br>Pour l\u2019exercer, adressez-vous \u00e0 :\u00a0<a href=\"mailto:domainederasigous@gmail.com\">domainederasigous@gmail.com<\/a><br><br>Propri\u00e9t\u00e9\u00a0: Le site et les informations qu\u2019il contient sont prot\u00e9g\u00e9s par la loi fran\u00e7aise sur la propri\u00e9t\u00e9 intellectuelle et par les conventions internationales. Hors utilisation dans le cercle de famille ou usage priv\u00e9, le site et aucun \u00e9l\u00e9ment de son contenu ne peuvent \u00eatre reproduits, republi\u00e9s, retranscrits, modifi\u00e9s ou retransmis sans l\u2019autorisation pr\u00e9alable des ayants droit.<br><br><strong>H\u00e9bergeur du site :<\/strong><br>NUXIT<br>Adresse : 4 Boulevard des Fr\u00e8res Lumi\u00e8re, 38000 Grenoble, France<br>T\u00e9l\u00e9phone : +33 4 76 44 32 00<\/p><\/div><\/div>\n\n\n\n<p><\/p>\n<\/div>\n<\/div>\n<\/div><\/div>\n","protected":false},"excerpt":{"rendered":"","protected":false},"author":1,"featured_media":0,"parent":0,"menu_order":0,"comment_status":"closed","ping_status":"closed","template":"","meta":{"_uag_custom_page_level_css":"","site-sidebar-layout":"no-sidebar","site-content-layout":"page-builder","ast-site-content-layout":"full-width-container","site-content-style":"unboxed","site-sidebar-style":"unboxed","ast-global-header-display":"","ast-banner-title-visibility":"","ast-main-header-display":"","ast-hfb-above-header-display":"","ast-hfb-below-header-display":"","ast-hfb-mobile-header-display":"","site-post-title":"disabled","ast-breadcrumbs-content":"","ast-featured-img":"disabled","footer-sml-layout":"","ast-disable-related-posts":"","theme-transparent-header-meta":"enabled","adv-header-id-meta":"","stick-header-meta":"","header-above-stick-meta":"","header-main-stick-meta":"","header-below-stick-meta":"","astra-migrate-meta-layouts":"set","ast-page-background-enabled":"default","ast-page-background-meta":{"desktop":{"background-color":"var(--ast-global-color-4)","background-image":"","background-repeat":"repeat","background-position":"center center","background-size":"auto","background-attachment":"scroll","background-type":"","background-media":"","overlay-type":"","overlay-color":"","overlay-opacity":"","overlay-gradient":""},"tablet":{"background-color":"","background-image":"","background-repeat":"repeat","background-position":"center center","background-size":"auto","background-attachment":"scroll","background-type":"","background-media":"","overlay-type":"","overlay-color":"","overlay-opacity":"","overlay-gradient":""},"mobile":{"background-color":"","background-image":"","background-repeat":"repeat","background-position":"center center","background-size":"auto","background-attachment":"scroll","background-type":"","background-media":"","overlay-type":"","overlay-color":"","overlay-opacity":"","overlay-gradient":""}},"ast-content-background-meta":{"desktop":{"background-color":"var(--ast-global-color-5)","background-image":"","background-repeat":"repeat","background-position":"center center","background-size":"auto","background-attachment":"scroll","background-type":"","background-media":"","overlay-type":"","overlay-color":"","overlay-opacity":"","overlay-gradient":""},"tablet":{"background-color":"var(--ast-global-color-5)","background-image":"","background-repeat":"repeat","background-position":"center center","background-size":"auto","background-attachment":"scroll","background-type":"","background-media":"","overlay-type":"","overlay-color":"","overlay-opacity":"","overlay-gradient":""},"mobile":{"background-color":"var(--ast-global-color-5)","background-image":"","background-repeat":"repeat","background-position":"center center","background-size":"auto","background-attachment":"scroll","background-type":"","background-media":"","overlay-type":"","overlay-color":"","overlay-opacity":"","overlay-gradient":""}},"footnotes":""},"class_list":["post-3489","page","type-page","status-publish","hentry"],"uagb_featured_image_src":{"full":false,"thumbnail":false,"medium":false,"medium_large":false,"large":false,"1536x1536":false,"2048x2048":false},"uagb_author_info":{"display_name":"Ghysie","author_link":"https:\/\/domainederasigous.fr\/author\/ghysie\/"},"uagb_comment_info":0,"uagb_excerpt":null,"_links":{"self":[{"href":"https:\/\/domainederasigous.fr\/index.php\/wp-json\/wp\/v2\/pages\/3489","targetHints":{"allow":["GET"]}}],"collection":[{"href":"https:\/\/domainederasigous.fr\/index.php\/wp-json\/wp\/v2\/pages"}],"about":[{"href":"https:\/\/domainederasigous.fr\/index.php\/wp-json\/wp\/v2\/types\/page"}],"author":[{"embeddable":true,"href":"https:\/\/domainederasigous.fr\/index.php\/wp-json\/wp\/v2\/users\/1"}],"replies":[{"embeddable":true,"href":"https:\/\/domainederasigous.fr\/index.php\/wp-json\/wp\/v2\/comments?post=3489"}],"version-history":[{"count":0,"href":"https:\/\/domainederasigous.fr\/index.php\/wp-json\/wp\/v2\/pages\/3489\/revisions"}],"wp:attachment":[{"href":"https:\/\/domainederasigous.fr\/index.php\/wp-json\/wp\/v2\/media?parent=3489"}],"curies":[{"name":"wp","href":"https:\/\/api.w.org\/{rel}","templated":true}]}}