{"id":3497,"date":"2025-11-20T12:38:42","date_gmt":"2025-11-20T12:38:42","guid":{"rendered":"https:\/\/domainederasigous.fr\/?page_id=3497"},"modified":"2025-11-20T12:48:52","modified_gmt":"2025-11-20T12:48:52","slug":"conditions","status":"publish","type":"page","link":"https:\/\/domainederasigous.fr\/index.php\/fr\/conditions\/","title":{"rendered":"Conditions"},"content":{"rendered":"\n<div class=\"wp-block-uagb-container uagb-block-1850952a alignfull uagb-is-root-container\"><div class=\"uagb-container-inner-blocks-wrap\"><\/div><\/div>\n\n\n\n<div class=\"wp-block-uagb-info-box uagb-block-f06ba9dc uagb-infobox__content-wrap  uagb-infobox-icon-above-title uagb-infobox-image-valign-top\"><div class=\"uagb-ifb-content\"><div class=\"uagb-ifb-title-wrap\"><h3 class=\"uagb-ifb-title\">Conditions g\u00e9n\u00e9rales de vente<\/h3><\/div><p class=\"uagb-ifb-desc\">Chambres d\u2019h\u00f4tes et g\u00eete \u00ab\u00a0Domaine de Rasigous\u00a0\u00bb<br>Juin 2021 \u2013 derni\u00e8re r\u00e9vision en date 23 juin 2023<\/p><\/div><\/div>\n\n\n\n<div class=\"wp-block-uagb-container uagb-layout-grid uagb-block-e9ae56bd alignfull uagb-is-root-container\"><div class=\"uagb-container-inner-blocks-wrap\">\n<div class=\"wp-block-columns is-layout-flex wp-container-core-columns-is-layout-28f84493 wp-block-columns-is-layout-flex\">\n<div class=\"wp-block-column is-layout-flow wp-block-column-is-layout-flow\" style=\"flex-basis:100%\">\n<div class=\"wp-block-uagb-info-box uagb-block-48a5ab86 uagb-infobox__content-wrap  uagb-infobox-icon-above-title uagb-infobox-image-valign-top\"><div class=\"uagb-ifb-content\"><div class=\"uagb-ifb-title-wrap\"><\/div><p class=\"uagb-ifb-desc\">Nous vous souhaitons la bienvenue au Domaine de Rasigous et vous invitons \u00e0 prendre connaissance de nos \u2018Conditions g\u00e9n\u00e9rales et du r\u00e8glement d\u2019ordre int\u00e9rieur\u2019.<br><br><strong>G\u00e9n\u00e9ral<\/strong><br>Les pr\u00e9sentes conditions s\u2019appliquent \u00e0 tous les h\u00f4tes du \u00ab Domaine de Rasigous \u00bb, 2217 Route de Revel, 81290 Saint-Affriques-les-Montagnes, France.<br>Les propri\u00e9taires du \u00ab\u00a0Domaine de Rasigous\u00a0\u00bb sont Joost Van der Straeten et Tine Geerinck. Les propri\u00e9taires peuvent se faire remplacer.<br>Apr\u00e8s l\u2019envoi de la confirmation de r\u00e9servation, les \u00ab\u00a0Conditions g\u00e9n\u00e9rales et le r\u00e8glement d\u2019ordre int\u00e9rieur\u00a0\u00bb entrent en vigueur (voir point\u00a04).<br>Les h\u00f4tes du Domaine de Rasigous sont pri\u00e9s de se conformer aux conditions g\u00e9n\u00e9rales et au r\u00e8glement d\u2019ordre int\u00e9rieur qui peuvent \u00eatre consult\u00e9s sur notre site internet et qui peuvent \u00eatre consult\u00e9s sur place.<br>En cas de violation des pr\u00e9sentes conditions ou du r\u00e8glement d\u2019ordre int\u00e9rieur ou en cas de comportement inappropri\u00e9, les propri\u00e9taires peuvent interdire, avec effet imm\u00e9diat, l\u2019acc\u00e8s au Domaine de Rasigous. Et ceci, sans autre forme de pr\u00e9avis et sans remboursement des frais d\u2019h\u00e9bergement.<br><br><strong>Chambres d\u2019h\u00f4tes et g\u00eete \u00ab\u00a0Domaine de Rasigous\u00a0\u00bb<\/strong><br>L\u2019h\u00e9bergement est d\u00e9crit sur le site\u00a0<a href=\"http:\/\/domainederasigous.fr\/\">domainederasigous.fr<\/a>.<br>Ce site web est compos\u00e9 avec le plus grand soin, mais il peut y avoir des diff\u00e9rences entre le texte et les photos pr\u00e9sent\u00e9s sur le site et la situation actuelle du \u00ab\u00a0Domaine de Rasigous\u00a0\u00bb durant votre s\u00e9jour.<br>Aucun droit ne peut \u00eatre d\u00e9riv\u00e9 de ces diff\u00e9rences.<br>Les animaux domestiques ne sont malheureusement pas autoris\u00e9s.<br>Nous avons fait tout notre possible pour rendre le logement aussi accessible que possible aux personnes souffrant d\u2019un handicap physique. N\u2019h\u00e9sitez pas \u00e0 nous contacter si vous avez des questions sur les facilit\u00e9s disponibles. Nous ferons de notre mieux pour rendre votre s\u00e9jour aussi confortable que possible.<br><br><strong>Tarifs<\/strong><br>Les tarifs en vigueur actuellement peuvent \u00eatre consult\u00e9s sur notre site web\u00a0<a href=\"http:\/\/domainederasigous.fr\/\">domainederasigous.fr<\/a>.<br>Les tarifs du \u00ab\u00a0Domaine de Rasigous\u00a0\u00bb sont communiqu\u00e9s sans engagement et sous r\u00e9serve de modifications de prix dans l\u2019interm\u00e9diaire et d\u2019erreurs manifestes.<br>Les tarifs (Chambre d\u2019h\u00f4tes) s\u2019entendent petit-d\u00e9jeuner, gaz, eau, \u00e9lectricit\u00e9 et chauffage compris.<br>Une taxe de s\u00e9jour touristique sera factur\u00e9e.<br>La haute saison d\u00e9bute le 1er\u00a0mai et se termine le 31\u00a0octobre avec un s\u00e9jour minimum de 3 nuits.<br>Hors haute saison, jours f\u00e9ri\u00e9s et week-ends, un s\u00e9jour minimum de 2 nuits est d\u2019application.<br>La confirmation de votre r\u00e9servation mentionne le tarif final qui \u00e9tait d\u2019application \u00e0 la date de la confirmation.<br>Nous vous recommandons de souscrire une assurance annulation et\/ou une assurance voyage pour \u00e9viter toute discussion.<br><br><strong>R\u00e9servation et confirmation<\/strong><br>Une r\u00e9servation ne peut \u00eatre effectu\u00e9e que par \u00e9crit ou via le site web. Aucun frais de r\u00e9servation n\u2019est comptabilis\u00e9.<br>D\u00e8s la r\u00e9ception de votre demande de r\u00e9servation, le \u00ab\u00a0Domaine de Rasigous\u00a0\u00bb vous enverra une confirmation d\u00e9finitive par e-mail. D\u00e8s cet instant, les \u00ab\u00a0Conditions g\u00e9n\u00e9rales et r\u00e8glement d\u2019ordre int\u00e9rieur\u00a0\u00bb entrent en vigueur.<br>Apr\u00e8s le paiement de l\u2019acompte, votre r\u00e9servation devient d\u00e9finitive pour les deux parties.<br><br><strong>Paiement<\/strong><br>Apr\u00e8s confirmation de votre r\u00e9servation par le \u00ab Domaine de Rasigous \u00bb, vous devez payer le montant total du s\u00e9jour en une seule fois au \u00ab Domaine de Rasigous \u00bb.<br>Si vous n\u2019avez pas pay\u00e9 le montant total en une seule fois ou si vous avez vers\u00e9 un acompte, le solde doit \u00eatre vers\u00e9 sur notre compte bancaire 1 mois avant votre arriv\u00e9e, en mentionnant notre r\u00e9f\u00e9rence.<br>Les boissons, les paniers de pique-nique, la table d\u2019h\u00f4tes et les autres frais doivent \u00eatre pay\u00e9s en liquide avant le d\u00e9part. Vous trouverez les co\u00fbts sur une liste dans la salle \u00e0 manger ou dans votre chambre au \u00ab\u00a0Domaine de Rasigous\u00a0\u00bb.<br>Si vous nous rendez visite et logez la nuit chez nous, vous recevrez la facture sur place et vous pourrez payer en esp\u00e8ces.<br>Les clients d\u2019affaires re\u00e7oivent toujours une facture. Les clients priv\u00e9s peuvent \u00e9galement en faire la demande.<br>Sur place, le \u00ab\u00a0Domaine de Rasigous\u00a0\u00bb n\u2019accepte pas les cartes de cr\u00e9dit, les ch\u00e8ques u autres.<br><br><strong>Annulation \/ No-show<\/strong><br>Si, \u00e0 la suite de circonstances, vous ne pouvez utiliser votre\/vos chambre(s) r\u00e9serv\u00e9e(s), veuillez nous en informer d\u00e8s que possible afin que nous puissions proposer ces chambres \u00e0 d\u2019autres personnes. Nous ne remboursons pas les r\u00e9servations. Toutefois, vous pouvez reporter la p\u00e9riode r\u00e9serv\u00e9e sur une autre p\u00e9riode, dans l\u2019ann\u00e9e qui suit la date pr\u00e9vue de votre arriv\u00e9e.<br><br><strong>Arriv\u00e9e et d\u00e9part<\/strong><br>Le jour de votre arriv\u00e9e, nous vous accueillons entre 17h et 19h dans notre domaine.<br>Veuillez nous pr\u00e9venir par t\u00e9l\u00e9phone si vous arrivez plus tard.<br>Nous vous demanderons de pr\u00e9senter un passeport ou une pi\u00e8ce d\u2019identit\u00e9 pour vous identifier.<br>Vous recevrez une cl\u00e9, nous vous demandons de la rendre avant votre d\u00e9part.<br>Le jour du d\u00e9part, nous prendrons cong\u00e9, \u00e0 regret, mais de pr\u00e9f\u00e9rence avant 10h.<br>Nous pouvons d\u00e9roger aux horaires ci-dessus uniquement moyennant concertation pr\u00e9alable.<br>Un s\u00e9jour \u00e9court\u00e9 ne peut donner lieu \u00e0 un remboursement.<br><br><strong>Petit-d\u00e9jeuner Chambre d\u2019h\u00f4tes<\/strong><br>Le petit-d\u00e9jeuner (Chambre d\u2019h\u00f4tes) est inclus dans les frais d\u2019h\u00e9bergement. Si vous ne prenez pas le petit-d\u00e9jeuner, nous ne pouvons accorder de r\u00e9duction.<br>Nous pr\u00e9parons le petit-d\u00e9jeuner dans la salle \u00e0 manger entre 8h et 9h30. Si le temps le permet, le petit-d\u00e9jeuner sera servi sur la terrasse. Si vous souhaitez prendre votre petit-d\u00e9jeuner plus t\u00f4t, cela n\u2019est possible que moyennant concertation.<br><br><strong>Le s\u00e9jour<\/strong><br>Nous vous demandons de respecter le caract\u00e8re paisible des lieux et d\u2019\u00e9viter le bruit entre 22h et 8h du matin. Cette r\u00e8gle est d\u2019application non seulement pour le logement, mais aussi pour la terrasse. Nous vous demandons de tenir compte des autres clients.<br>La radio, la t\u00e9l\u00e9vision et autres sources sonores ne peuvent en aucun cas d\u00e9ranger les autres clients.<br>La piscine est accessible de 9h \u00e0 18h.<br>Il est interdit de laisser un ou plusieurs enfants seuls \u00e0 la piscine.<br>\u00c0 la piscine, les enfants doivent toujours \u00eatre sous la surveillance de leurs parents.<br>Nous vous demandons avec insistance de ne pas laisser vos enfants seuls sur le domaine, un \u00e9tant se trouve un peu plus loin.<br>Il n\u2019est pas autoris\u00e9 d\u2019apporter un verre ou de la nourriture \u00e0 la piscine.<br>Nous avons am\u00e9nag\u00e9 un coin caf\u00e9 et th\u00e9 dans les chambres. Nous vous demandons d\u2019en faire usage et de ne pas apporter vos propres boissons. Nous mettons \u00e9galement un minibar rempli \u00e0 votre disposition (moyennant paiement).<br>Le Wi-Fi est gratuit dans les chambres et le g\u00eete. Le mot de passe est disponible sur simple demande. L\u2019utilisation de l\u2019Internet et des appareils personnels durant le s\u00e9jour rel\u00e8ve de la seule responsabilit\u00e9 des h\u00f4tes. Le t\u00e9l\u00e9chargement ill\u00e9gal est interdit, tout comme les activit\u00e9s r\u00e9pr\u00e9hensibles et immorales via Internet.<br>Les \u00e9ventuels visiteurs des h\u00f4tes ne sont pas autoris\u00e9s \u00e0 p\u00e9n\u00e9trer dans le Domaine de Rasigous, si ce n\u2019est moyennant concertation.<br>L\u2019utilisation du sauna se fait sur r\u00e9servation, moyennant un suppl\u00e9ment et \u00e0 vos propres risques. Le sauna est interdit aux enfants de moins de 12 ans.<br>Les invit\u00e9s sont pri\u00e9s de se conformer aux instructions d\u2019utilisation.<br><br><strong>Restaurant<\/strong><br>Toute l\u2019ann\u00e9e, nous vous accueillons tous les jours, sur demande, \u00e0 notre table d\u2019h\u00f4tes. Pri\u00e8re de r\u00e9server 24 heures \u00e0 l\u2019avance.<br>Nous ne servons pas d\u2019alcool aux personnes de moins de 18 ans.<br><br><strong>S\u00e9curit\u00e9 et environnement<\/strong><br>Les h\u00f4tes respectent toutes les normes de s\u00e9curit\u00e9 et environnementales du \u00ab\u00a0Domaine de Rasigous\u00a0\u00bb.<br>Le stationnement est gratuit sur les places pr\u00e9vues \u00e0 cet effet.<br>Dans l\u2019ensemble du b\u00e2timent, il est interdit de fumer. Il est permis de fumer \u00e0 l\u2019ext\u00e9rieur, dans la zone pr\u00e9vue \u00e0 cet effet. Nous vous demandons de ne pas jeter de m\u00e9gots de sur le sol. Si nous constatons qu\u2019un h\u00f4te a fum\u00e9 dans une chambre, des frais de nettoyage de 150\u00a0\u20ac seront port\u00e9s en compte. Si un h\u00f4te d\u00e9clenche l\u2019alarme incendie parce qu\u2019il fume dans la chambre, les frais d\u2019intervention des pompiers lui seront factur\u00e9s.<br>Nous vous demandons de traiter le mobilier avec respect durant votre s\u00e9jour.<br>N\u2019h\u00e9sitez jamais \u00e0 nous signaler toute personne ou activit\u00e9 suspecte.<br>En raison des risques d\u2019incendie, les feux ouverts et les bougies ne sont pas autoris\u00e9s.<br>L\u2019ensemble du Domaine peut accueillir jusqu\u2019\u00e0 12 personnes.<br>Le logement est accessible 24\u00a0heures sur 24 pendant votre s\u00e9jour.<br><br><strong>Responsabilit\u00e9 civile<\/strong><br>Nous ne pouvons \u00eatre tenus pour responsables des blessures corporelles r\u00e9sultant de votre s\u00e9jour dans notre h\u00e9bergement et nous ne pouvons pas non plus \u00eatre tenus pour responsables des dommages, de la perte ou du vol des biens de nos h\u00f4tes. En cas de litige, tous les frais (juridiques) sont \u00e0 la charge des h\u00f4tes.<br>Tous les risques li\u00e9s \u00e0 un s\u00e9jour au \u00ab\u00a0Domaine de Rasigous\u00a0\u00bb sont \u00e0 la charge des h\u00f4tes.<br>En cas de dommage ou de vol, veuillez nous en informer imm\u00e9diatement.<br>En cas de perte des cl\u00e9s du \u00ab\u00a0Domaine de Rasigous\u00a0\u00bb, le co\u00fbt sera factur\u00e9.<br>Le \u00ab\u00a0Domaine de Rasigous\u00a0\u00bb n\u2019est pas responsable des perturbations dans et autour du logement, de type panne d\u2019\u00e9lectricit\u00e9, perturbations dans l\u2019approvisionnement en eau ou dans les installations techniques, ou encore des travaux de construction ou routiers \u00e0 proximit\u00e9 du domaine qui n\u2019ont pas \u00e9t\u00e9 annonc\u00e9s ou qui l\u2019ont \u00e9t\u00e9 tardivement.<br><br><strong>Plaintes, divergences d\u2019opinions<\/strong><br>Nous mettons tout en \u0153uvre pour r\u00e9soudre les plaintes, signalez-les nous \u00e0 temps. Ce n\u2019est qu\u2019\u00e0 cette condition que nous serons en mesure de r\u00e9soudre, dans la mesure du possible, les \u00e9ventuels probl\u00e8mes.<br><br><strong>Cas de force majeure<\/strong><br>En cas de force majeure, qu\u2019il soit de nature permanente ou temporaire, les propri\u00e9taires ont le droit de r\u00e9silier le contrat en tout ou en partie ou de le suspendre temporairement sans que le(s) h\u00f4te(s) puisse(nt) faire valoir un quelconque droit \u00e0 l\u2019ex\u00e9cution et\/ou \u00e0 une indemnisation.<br>Par cas de force majeure, nous entendons (liste non exhaustive)\u00a0: le risque de guerre, la guerre, l\u2019insurrection, la maltraitance, les gr\u00e8ves, les boycotts, les perturbations dans le circuit de l\u2019\u00e9nergie, dans la circulation ou les transports, les mesures \u00e9manant des autorit\u00e9s, la p\u00e9nurie de mati\u00e8res premi\u00e8res, les catastrophes naturelles et, en outre, toutes les circonstances, les conditions m\u00e9t\u00e9orologiques extraordinaires, le d\u00e9c\u00e8s de l\u2019un des propri\u00e9taires ou d\u2019un membre de sa famille proche, etc. Autant de circonstances dans lesquelles l\u2019ex\u00e9cution totale ou partielle du contrat ne peut \u00eatre raisonnablement exig\u00e9e des propri\u00e9taires.<br><br><strong>Respect de la vie priv\u00e9e<\/strong><br>Les donn\u00e9es personnelles fournies ou rendues publiques seront trait\u00e9es de mani\u00e8re confidentielle par les propri\u00e9taires et ne seront jamais mises \u00e0 disposition de tiers.<br><br><strong>Clause finale<\/strong><br>Si vous avez la moindre question \u00e0 propos des \u00ab\u00a0Conditions g\u00e9n\u00e9rales et le r\u00e8glement d\u2019ordre int\u00e9rieur\u00a0\u00bb, n\u2019h\u00e9sitez pas \u00e0 prendre contact avec nous. Toutes les suggestions sont les bienvenues.<br><br><strong>Nous vous souhaitons un s\u00e9jour agr\u00e9able et d\u00e9tendu dans la maison d\u2019h\u00f4tes et g\u00eete \u00ab\u00a0Domaine de Rasigous\u00a0\u00bb\u00a0!<\/strong><\/p><\/div><\/div>\n<\/div>\n<\/div>\n<\/div><\/div>\n","protected":false},"excerpt":{"rendered":"","protected":false},"author":1,"featured_media":0,"parent":0,"menu_order":0,"comment_status":"closed","ping_status":"closed","template":"","meta":{"_uag_custom_page_level_css":"","site-sidebar-layout":"no-sidebar","site-content-layout":"page-builder","ast-site-content-layout":"full-width-container","site-content-style":"unboxed","site-sidebar-style":"unboxed","ast-global-header-display":"","ast-banner-title-visibility":"","ast-main-header-display":"","ast-hfb-above-header-display":"","ast-hfb-below-header-display":"","ast-hfb-mobile-header-display":"","site-post-title":"disabled","ast-breadcrumbs-content":"","ast-featured-img":"disabled","footer-sml-layout":"","ast-disable-related-posts":"","theme-transparent-header-meta":"enabled","adv-header-id-meta":"","stick-header-meta":"","header-above-stick-meta":"","header-main-stick-meta":"","header-below-stick-meta":"","astra-migrate-meta-layouts":"set","ast-page-background-enabled":"default","ast-page-background-meta":{"desktop":{"background-color":"var(--ast-global-color-4)","background-image":"","background-repeat":"repeat","background-position":"center center","background-size":"auto","background-attachment":"scroll","background-type":"","background-media":"","overlay-type":"","overlay-color":"","overlay-opacity":"","overlay-gradient":""},"tablet":{"background-color":"","background-image":"","background-repeat":"repeat","background-position":"center center","background-size":"auto","background-attachment":"scroll","background-type":"","background-media":"","overlay-type":"","overlay-color":"","overlay-opacity":"","overlay-gradient":""},"mobile":{"background-color":"","background-image":"","background-repeat":"repeat","background-position":"center center","background-size":"auto","background-attachment":"scroll","background-type":"","background-media":"","overlay-type":"","overlay-color":"","overlay-opacity":"","overlay-gradient":""}},"ast-content-background-meta":{"desktop":{"background-color":"var(--ast-global-color-5)","background-image":"","background-repeat":"repeat","background-position":"center center","background-size":"auto","background-attachment":"scroll","background-type":"","background-media":"","overlay-type":"","overlay-color":"","overlay-opacity":"","overlay-gradient":""},"tablet":{"background-color":"var(--ast-global-color-5)","background-image":"","background-repeat":"repeat","background-position":"center center","background-size":"auto","background-attachment":"scroll","background-type":"","background-media":"","overlay-type":"","overlay-color":"","overlay-opacity":"","overlay-gradient":""},"mobile":{"background-color":"var(--ast-global-color-5)","background-image":"","background-repeat":"repeat","background-position":"center center","background-size":"auto","background-attachment":"scroll","background-type":"","background-media":"","overlay-type":"","overlay-color":"","overlay-opacity":"","overlay-gradient":""}},"footnotes":""},"class_list":["post-3497","page","type-page","status-publish","hentry"],"uagb_featured_image_src":{"full":false,"thumbnail":false,"medium":false,"medium_large":false,"large":false,"1536x1536":false,"2048x2048":false},"uagb_author_info":{"display_name":"Ghysie","author_link":"https:\/\/domainederasigous.fr\/author\/ghysie\/"},"uagb_comment_info":0,"uagb_excerpt":null,"_links":{"self":[{"href":"https:\/\/domainederasigous.fr\/index.php\/wp-json\/wp\/v2\/pages\/3497","targetHints":{"allow":["GET"]}}],"collection":[{"href":"https:\/\/domainederasigous.fr\/index.php\/wp-json\/wp\/v2\/pages"}],"about":[{"href":"https:\/\/domainederasigous.fr\/index.php\/wp-json\/wp\/v2\/types\/page"}],"author":[{"embeddable":true,"href":"https:\/\/domainederasigous.fr\/index.php\/wp-json\/wp\/v2\/users\/1"}],"replies":[{"embeddable":true,"href":"https:\/\/domainederasigous.fr\/index.php\/wp-json\/wp\/v2\/comments?post=3497"}],"version-history":[{"count":0,"href":"https:\/\/domainederasigous.fr\/index.php\/wp-json\/wp\/v2\/pages\/3497\/revisions"}],"wp:attachment":[{"href":"https:\/\/domainederasigous.fr\/index.php\/wp-json\/wp\/v2\/media?parent=3497"}],"curies":[{"name":"wp","href":"https:\/\/api.w.org\/{rel}","templated":true}]}}